{"id":634,"date":"2018-10-18T01:36:56","date_gmt":"2018-10-18T01:36:56","guid":{"rendered":"https:\/\/worldcob-csr.com\/en\/?page_id=634"},"modified":"2020-08-11T14:49:21","modified_gmt":"2020-08-11T14:49:21","slug":"certified-companies","status":"publish","type":"page","link":"https:\/\/worldcob-csr.com\/en\/certified-companies\/","title":{"rendered":"CERTIFIED COMPANIES"},"content":{"rendered":"<p>[vc_row css_animation=\u00bb\u00bb row_type=\u00bbrow\u00bb use_row_as_full_screen_section=\u00bbno\u00bb type=\u00bbfull_width\u00bb angled_section=\u00bbno\u00bb text_align=\u00bbleft\u00bb background_image_as_pattern=\u00bbwithout_pattern\u00bb z_index=\u00bb\u00bb][vc_column css_animation=\u00bbbounceIn\u00bb][vc_empty_space][vc_column_text]<\/p>\n<h2 style=\"text-align: center;\">Certified Companies<\/h2>\n<p>[\/vc_column_text][vc_empty_space][\/vc_column][\/vc_row][vc_row css_animation=\u00bb\u00bb row_type=\u00bbrow\u00bb use_row_as_full_screen_section=\u00bbno\u00bb type=\u00bbfull_width\u00bb angled_section=\u00bbno\u00bb text_align=\u00bbleft\u00bb background_image_as_pattern=\u00bbwithout_pattern\u00bb][vc_column][vc_column_text]\n<table id=\"tablepress-2\" class=\"tablepress tablepress-id-2\">\n<thead>\n<tr class=\"row-1\">\n\t<th class=\"column-1\">COMPANY<\/th><th class=\"column-2\">COUNTRY<\/th><th class=\"column-3\">VALID UNTIL<\/th><th class=\"column-4\">STATUS<\/th><th class=\"column-5\">PROCESS<\/th>\n<\/tr>\n<\/thead>\n<tbody class=\"row-striping row-hover\">\n<tr class=\"row-2\">\n\t<td class=\"column-1\">TL PL\u00c1STICOS S.A. DE C.V.<\/td><td class=\"column-2\">Mexico<\/td><td class=\"column-3\">May 26, 2029<\/td><td class=\"column-4\">In Process<\/td><td class=\"column-5\">Revalidation<\/td>\n<\/tr>\n<tr class=\"row-3\">\n\t<td class=\"column-1\">COOPERATIVA DE AHORRO Y CR\u00c9DITO DE LOS SERVIDORES P\u00daBLICOS DEL MINISTERIO DE EDUCACI\u00d3N Y CULTURA<\/td><td class=\"column-2\">Ecuador<\/td><td class=\"column-3\">December 23, 2028<\/td><td class=\"column-4\">Certified<\/td><td class=\"column-5\">Revalidation<\/td>\n<\/tr>\n<tr class=\"row-4\">\n\t<td class=\"column-1\">YPFB CHACO S.A.<\/td><td class=\"column-2\">Bolivia<\/td><td class=\"column-3\">December 18, 2028<\/td><td class=\"column-4\">Certified<\/td><td class=\"column-5\">Revalidation<\/td>\n<\/tr>\n<tr class=\"row-5\">\n\t<td class=\"column-1\">XPLORA TECHNOLOGY S.A.C.<\/td><td class=\"column-2\">Peru<\/td><td class=\"column-3\">December 2, 2028<\/td><td class=\"column-4\">In Process<\/td><td class=\"column-5\">Revalidation<\/td>\n<\/tr>\n<tr class=\"row-6\">\n\t<td class=\"column-1\">AVI PROD GRUP S.R.L.<\/td><td class=\"column-2\">Romania<\/td><td class=\"column-3\">November 22, 2028<\/td><td class=\"column-4\">Certified<\/td><td class=\"column-5\">Revalidation<\/td>\n<\/tr>\n<tr class=\"row-7\">\n\t<td class=\"column-1\">INSTITUTO ESPECIALIZADO DE PROFESIONALES DE LA SALUD<\/td><td class=\"column-2\">El Salvador<\/td><td class=\"column-3\">November 3, 2028<\/td><td class=\"column-4\">Certified<\/td><td class=\"column-5\">Revalidation<\/td>\n<\/tr>\n<tr class=\"row-8\">\n\t<td class=\"column-1\">IKUSI M\u00c9XICO S.A. DE C.V.<\/td><td class=\"column-2\">Mexico<\/td><td class=\"column-3\">October 13, 2028<\/td><td class=\"column-4\">Certified<\/td><td class=\"column-5\">Revalidation<\/td>\n<\/tr>\n<tr class=\"row-9\">\n\t<td class=\"column-1\">MICRONET DE M\u00c9XICO S.A. DE C.V.<\/td><td class=\"column-2\">Mexico<\/td><td class=\"column-3\">October 13, 2028<br \/>\n<\/td><td class=\"column-4\">Certified<\/td><td class=\"column-5\">Revalidation<\/td>\n<\/tr>\n<tr class=\"row-10\">\n\t<td class=\"column-1\">UNIVERSIDAD AUT\u00d3NOMA DEL ESTADO DE HIDALGO<\/td><td class=\"column-2\">Mexico<\/td><td class=\"column-3\">September 6, 2028<\/td><td class=\"column-4\">Certified<\/td><td class=\"column-5\">Revalidation<\/td>\n<\/tr>\n<tr class=\"row-11\">\n\t<td class=\"column-1\">INSTITUTO TECNOL\u00d3GICO METROPOLITANO<\/td><td class=\"column-2\">Colombia<\/td><td class=\"column-3\">July 25, 2028<\/td><td class=\"column-4\">Certified<\/td><td class=\"column-5\">Certification<\/td>\n<\/tr>\n<tr class=\"row-12\">\n\t<td class=\"column-1\">SOCIEDAD <br \/>\nCOOPERATIVA DE PRODUCCI\u00d3N Y PRESTACI\u00d3N DE SERVICIOS CUAUHT\u00c9MOC S.C.L. <\/td><td class=\"column-2\">Mexico<\/td><td class=\"column-3\">June 16, 2028<\/td><td class=\"column-4\">Certified<\/td><td class=\"column-5\">Revalidation<\/td>\n<\/tr>\n<tr class=\"row-13\">\n\t<td class=\"column-1\">GLOBALPESCA S.P.A.<\/td><td class=\"column-2\">Chile<\/td><td class=\"column-3\">June 14, 2028<\/td><td class=\"column-4\">Certified<\/td><td class=\"column-5\">Revalidation<\/td>\n<\/tr>\n<tr class=\"row-14\">\n\t<td class=\"column-1\">CENTRO DE ENSINO SUPERIOR MORGANA POTRICH EIRELLI ME<\/td><td class=\"column-2\">Brasil<\/td><td class=\"column-3\">May 29, 2028<\/td><td class=\"column-4\">In Process<\/td><td class=\"column-5\">Revalidation<\/td>\n<\/tr>\n<tr class=\"row-15\">\n\t<td class=\"column-1\">EL\u00c9CTRICA ASELCO S.A. DE C.V.<\/td><td class=\"column-2\">Mexico<\/td><td class=\"column-3\">May 21, 2028<\/td><td class=\"column-4\">Certified<\/td><td class=\"column-5\">Revalidation<\/td>\n<\/tr>\n<tr class=\"row-16\">\n\t<td class=\"column-1\">LIMATOURS S.A.C.<\/td><td class=\"column-2\">Peru<\/td><td class=\"column-3\">May 6, 2028<\/td><td class=\"column-4\">Certified<\/td><td class=\"column-5\">Revalidation<\/td>\n<\/tr>\n<tr class=\"row-17\">\n\t<td class=\"column-1\">SUMMA GOLD CORPORATION<\/td><td class=\"column-2\">Peru<\/td><td class=\"column-3\">May 2, 2028<\/td><td class=\"column-4\">In Process<\/td><td class=\"column-5\">Revalidation<\/td>\n<\/tr>\n<tr class=\"row-18\">\n\t<td class=\"column-1\">KMJK S.A.C<\/td><td class=\"column-2\">Peru<\/td><td class=\"column-3\">April 9, 2028<\/td><td class=\"column-4\">Certified<\/td><td class=\"column-5\">Certification<\/td>\n<\/tr>\n<tr class=\"row-19\">\n\t<td class=\"column-1\">UNIVERSIDAD DE PAMPLONA<\/td><td class=\"column-2\">Colombia<\/td><td class=\"column-3\">February 25, 2028<\/td><td class=\"column-4\">Certified<\/td><td class=\"column-5\">Certification<\/td>\n<\/tr>\n<tr class=\"row-20\">\n\t<td class=\"column-1\">COOPERATIVA DE AHORRO Y CREDITO PU\u00c9LLARO LTDA<\/td><td class=\"column-2\">Ecuador<\/td><td class=\"column-3\">December 30, 2027<\/td><td class=\"column-4\">In Process<\/td><td class=\"column-5\">Revalidation<br \/>\n<\/td>\n<\/tr>\n<tr class=\"row-21\">\n\t<td class=\"column-1\">UNIVERSIDAD DE CARTAGENA<\/td><td class=\"column-2\">Colombia<\/td><td class=\"column-3\">December 23, 2027<\/td><td class=\"column-4\">Certified<\/td><td class=\"column-5\">Revalidation<\/td>\n<\/tr>\n<tr class=\"row-22\">\n\t<td class=\"column-1\">INGERBRY PER\u00da SAC<\/td><td class=\"column-2\">Peru<\/td><td class=\"column-3\">December 20, 2027<\/td><td class=\"column-4\">Certified<\/td><td class=\"column-5\">Revalidation<\/td>\n<\/tr>\n<tr class=\"row-23\">\n\t<td class=\"column-1\">SOCIEDAD EL\u00c9CTRICA DEL SUR OESTE S.A.<\/td><td class=\"column-2\">Peru<\/td><td class=\"column-3\">December 13, 2027<\/td><td class=\"column-4\">Certified<\/td><td class=\"column-5\">Revalidation<\/td>\n<\/tr>\n<tr class=\"row-24\">\n\t<td class=\"column-1\">INDUSTRIA MILITAR<\/td><td class=\"column-2\">Colombia<\/td><td class=\"column-3\">November 25, 2027<\/td><td class=\"column-4\">Certified<\/td><td class=\"column-5\">Revalidation<\/td>\n<\/tr>\n<tr class=\"row-25\">\n\t<td class=\"column-1\">OPERADORA DE GRANOS Y ALMACENES S.A. DE C.V.<\/td><td class=\"column-2\">Mexico<\/td><td class=\"column-3\">November 13, 2027<br \/>\n<\/td><td class=\"column-4\">Certified<\/td><td class=\"column-5\">Revalidation<\/td>\n<\/tr>\n<tr class=\"row-26\">\n\t<td class=\"column-1\">TRASVAL TRASLADOS AUTOMOTRICES SA DE CV<\/td><td class=\"column-2\">Mexico<\/td><td class=\"column-3\">August 21, 2027<\/td><td class=\"column-4\">Certified<\/td><td class=\"column-5\">Certification<\/td>\n<\/tr>\n<tr class=\"row-27\">\n\t<td class=\"column-1\">LA JOYA MINING SAC<\/td><td class=\"column-2\">Peru<\/td><td class=\"column-3\">July 16, 2027<\/td><td class=\"column-4\">Certified<\/td><td class=\"column-5\">Certification<\/td>\n<\/tr>\n<tr class=\"row-28\">\n\t<td class=\"column-1\">PETROWAX, S.A. DE C.V.<\/td><td class=\"column-2\">Mexico<\/td><td class=\"column-3\">July 10, 2027<\/td><td class=\"column-4\">Certified<\/td><td class=\"column-5\">Revalidation<\/td>\n<\/tr>\n<tr class=\"row-29\">\n\t<td class=\"column-1\">FLETES SOTELO S.A. DE C.V.<\/td><td class=\"column-2\">Mexico<\/td><td class=\"column-3\">June 6, 2027<\/td><td class=\"column-4\">Certified<\/td><td class=\"column-5\">Revalidation<\/td>\n<\/tr>\n<tr class=\"row-30\">\n\t<td class=\"column-1\">LATIN AMERICAN TRIPS<\/td><td class=\"column-2\">Peru<\/td><td class=\"column-3\">May 16, 2027<\/td><td class=\"column-4\">In Process<\/td><td class=\"column-5\">Revalidation<\/td>\n<\/tr>\n<tr class=\"row-31\">\n\t<td class=\"column-1\">FEDA COMERCIALIZADORA<\/td><td class=\"column-2\">Mexico<\/td><td class=\"column-3\">April 24, 2027<\/td><td class=\"column-4\">Vigente<\/td><td class=\"column-5\">Revalidation<\/td>\n<\/tr>\n<tr class=\"row-32\">\n\t<td class=\"column-1\">BANQUE HERITAGE URUGUAY S.A.<\/td><td class=\"column-2\">Uruguay<\/td><td class=\"column-3\">March 31, 2027<\/td><td class=\"column-4\">In Process<\/td><td class=\"column-5\">Revalidation<\/td>\n<\/tr>\n<tr class=\"row-33\">\n\t<td class=\"column-1\">PINTURAS AM\u00c9RICA SA<\/td><td class=\"column-2\">Ecuador<br \/>\n<\/td><td class=\"column-3\">March 29, 2027<\/td><td class=\"column-4\">Certified<\/td><td class=\"column-5\">Revalidation<\/td>\n<\/tr>\n<tr class=\"row-34\">\n\t<td class=\"column-1\">CORRESPONSABLES<\/td><td class=\"column-2\">Spain<\/td><td class=\"column-3\">March 6, 2027<\/td><td class=\"column-4\">Certified<\/td><td class=\"column-5\">Revalidation<\/td>\n<\/tr>\n<tr class=\"row-35\">\n\t<td class=\"column-1\">NATIONAL ALCOHOL AND LIQUOR FACTORY<\/td><td class=\"column-2\">Ethiopia<\/td><td class=\"column-3\">February 13, 2027<\/td><td class=\"column-4\">Certified<\/td><td class=\"column-5\">Revalidation<\/td>\n<\/tr>\n<tr class=\"row-36\">\n\t<td class=\"column-1\">GRABO ESTILO, SRL.<\/td><td class=\"column-2\">Dominican Republic<\/td><td class=\"column-3\">January 9, 2027<\/td><td class=\"column-4\">Certified<\/td><td class=\"column-5\">Revalidation<\/td>\n<\/tr>\n<tr class=\"row-37\">\n\t<td class=\"column-1\">INVERSIONES Y SERVICIOS BERACA SAC<\/td><td class=\"column-2\">Peru<\/td><td class=\"column-3\">January 6, 2027<\/td><td class=\"column-4\">Certified<\/td><td class=\"column-5\">Certification<\/td>\n<\/tr>\n<tr class=\"row-38\">\n\t<td class=\"column-1\">CAJA MUNICIPAL DE AHORRO Y CR\u00c9DITO DE SULLANA S.A.<\/td><td class=\"column-2\">Peru<\/td><td class=\"column-3\">December 1, 2026<\/td><td class=\"column-4\">Certified<\/td><td class=\"column-5\">Revalidation<\/td>\n<\/tr>\n<tr class=\"row-39\">\n\t<td class=\"column-1\">SILLETAS Y ESPACIADORES DE M\u00c9XICO<\/td><td class=\"column-2\">Mexico<\/td><td class=\"column-3\">December 4, 2026<\/td><td class=\"column-4\">Certified<\/td><td class=\"column-5\">Revalidation<\/td>\n<\/tr>\n<tr class=\"row-40\">\n\t<td class=\"column-1\">MERGON M\u00c9XICO<\/td><td class=\"column-2\">Mexico<\/td><td class=\"column-3\">November 30, 2026<\/td><td class=\"column-4\">Certified<\/td><td class=\"column-5\">Revalidation<\/td>\n<\/tr>\n<tr class=\"row-41\">\n\t<td class=\"column-1\">COOPERATIVA POR DISTRITOS Y SERVICIOS M\u00daLTIPLES \"VEGA REAL\" INC.<\/td><td class=\"column-2\">Dominican Republic<\/td><td class=\"column-3\">November 30, 2026<\/td><td class=\"column-4\">Certified<\/td><td class=\"column-5\">Revalidation<\/td>\n<\/tr>\n<tr class=\"row-42\">\n\t<td class=\"column-1\">ROBRITEX, SA DE CV<\/td><td class=\"column-2\">Mexico<\/td><td class=\"column-3\">November 28, 2026<\/td><td class=\"column-4\">Certified<\/td><td class=\"column-5\">Revalidation<\/td>\n<\/tr>\n<tr class=\"row-43\">\n\t<td class=\"column-1\">CARGA Y EXPRESS S.A. DE C.V.<\/td><td class=\"column-2\">Mexico<\/td><td class=\"column-3\">November 10, 2026<\/td><td class=\"column-4\">Certified<\/td><td class=\"column-5\">Revalidation<\/td>\n<\/tr>\n<tr class=\"row-44\">\n\t<td class=\"column-1\">PETR\u00d3LEOS DEL MILENIO SAS<\/td><td class=\"column-2\">Colombia<\/td><td class=\"column-3\">November 10, 2026<\/td><td class=\"column-4\">In Process<\/td><td class=\"column-5\">Revalidation<\/td>\n<\/tr>\n<tr class=\"row-45\">\n\t<td class=\"column-1\">DROGUER\u00cdA ROSFAR S.A.<\/td><td class=\"column-2\">Argentina<\/td><td class=\"column-3\">October 26, 2026<br \/>\n<\/td><td class=\"column-4\">Certified<\/td><td class=\"column-5\">Revalidation<\/td>\n<\/tr>\n<tr class=\"row-46\">\n\t<td class=\"column-1\">ESTACI\u00d3N ORO S.A. DE C.V.<\/td><td class=\"column-2\">Mexico<\/td><td class=\"column-3\">October 11, 2026<\/td><td class=\"column-4\">Certified<\/td><td class=\"column-5\">Revalidation<\/td>\n<\/tr>\n<tr class=\"row-47\">\n\t<td class=\"column-1\">STICKER'S PACK S.A. DE C.V.<\/td><td class=\"column-2\">Mexico<\/td><td class=\"column-3\">October 10, 2026<\/td><td class=\"column-4\">Certified<\/td><td class=\"column-5\">Revalidation<\/td>\n<\/tr>\n<tr class=\"row-48\">\n\t<td class=\"column-1\">BENEM\u00c9RITA UNIVERSIDAD AUT\u00d3NOMA DE PUEBLA <\/td><td class=\"column-2\">Mexico<\/td><td class=\"column-3\">September 21, 2026<\/td><td class=\"column-4\">Certified<\/td><td class=\"column-5\">Revalidation<\/td>\n<\/tr>\n<tr class=\"row-49\">\n\t<td class=\"column-1\">CORAL IMPEX S.R.L.<\/td><td class=\"column-2\">Romania<\/td><td class=\"column-3\">August 23, 2026<\/td><td class=\"column-4\">Certified<\/td><td class=\"column-5\">Revalidation<\/td>\n<\/tr>\n<tr class=\"row-50\">\n\t<td class=\"column-1\">CORPORACI\u00d3N HODELPE S.A.C. <\/td><td class=\"column-2\">Peru<\/td><td class=\"column-3\">August 19, 2026<\/td><td class=\"column-4\">Certified<\/td><td class=\"column-5\">Revalidation<\/td>\n<\/tr>\n<tr class=\"row-51\">\n\t<td class=\"column-1\">PREFABRICADOS DE CONCRETO SOLANA S.A. DE C.V.<\/td><td class=\"column-2\">Mexico<\/td><td class=\"column-3\">July 17, 2026<\/td><td class=\"column-4\">Certified<\/td><td class=\"column-5\">Revalidation<\/td>\n<\/tr>\n<tr class=\"row-52\">\n\t<td class=\"column-1\">PSICOFARMA S.A. DE C.V.<\/td><td class=\"column-2\">Mexico<\/td><td class=\"column-3\">July 6, 2026<\/td><td class=\"column-4\">Certified<\/td><td class=\"column-5\">Certification<\/td>\n<\/tr>\n<tr class=\"row-53\">\n\t<td class=\"column-1\">RMPM GROUP<\/td><td class=\"column-2\">Dominican Republic<\/td><td class=\"column-3\">July 5, 2026<\/td><td class=\"column-4\">Certified<\/td><td class=\"column-5\">Revalidation<\/td>\n<\/tr>\n<tr class=\"row-54\">\n\t<td class=\"column-1\">COOPERATIVA DE AHORRO Y CR\u00c9DITO ANDALUC\u00cdA LTDA.<\/td><td class=\"column-2\">Ecuador<\/td><td class=\"column-3\">June 24, 2026<\/td><td class=\"column-4\">Certified<\/td><td class=\"column-5\">Revalidation<\/td>\n<\/tr>\n<tr class=\"row-55\">\n\t<td class=\"column-1\">ROCAPORT S.A.P.I. DE C.V.<\/td><td class=\"column-2\">Mexico<\/td><td class=\"column-3\">June 23, 2026<\/td><td class=\"column-4\">Certified<\/td><td class=\"column-5\">Certification<\/td>\n<\/tr>\n<tr class=\"row-56\">\n\t<td class=\"column-1\">DESARROLLO EN AUTOMATIZACI\u00d3N Y MOVIMIENTO<\/td><td class=\"column-2\">Mexico<\/td><td class=\"column-3\">June 20, 2026<\/td><td class=\"column-4\">Certified<\/td><td class=\"column-5\">Certification<\/td>\n<\/tr>\n<tr class=\"row-57\">\n\t<td class=\"column-1\">TIT\u00c1N PLAZA CENTRO COMERCIAL Y EMPRESARIAL P.H.<\/td><td class=\"column-2\">Colombia<\/td><td class=\"column-3\">June 20, 2026<\/td><td class=\"column-4\">Certified<\/td><td class=\"column-5\">Certification<\/td>\n<\/tr>\n<tr class=\"row-58\">\n\t<td class=\"column-1\">GRUPO IMU<\/td><td class=\"column-2\">Mexico<\/td><td class=\"column-3\">June 15, 2026<\/td><td class=\"column-4\">Certified<\/td><td class=\"column-5\">Revalidation<\/td>\n<\/tr>\n<tr class=\"row-59\">\n\t<td class=\"column-1\">COOPERATIVA DE AHORRO Y CR\u00c9DITO LUCHA CAMPESINA<\/td><td class=\"column-2\">Ecuador<\/td><td class=\"column-3\">May 22, 2026<\/td><td class=\"column-4\">Certified<\/td><td class=\"column-5\">Revalidation<\/td>\n<\/tr>\n<tr class=\"row-60\">\n\t<td class=\"column-1\">NEOLPHARMA S.A. DE C.V.<\/td><td class=\"column-2\">Mexico<\/td><td class=\"column-3\">May 20, 2026<\/td><td class=\"column-4\">Certified<\/td><td class=\"column-5\">Certification<\/td>\n<\/tr>\n<tr class=\"row-61\">\n\t<td class=\"column-1\">LABORATORIOS ALPHARMA S.A. DE C.V.<\/td><td class=\"column-2\">Mexico<\/td><td class=\"column-3\">May 20. 2026<\/td><td class=\"column-4\">Certified<\/td><td class=\"column-5\">Certification<\/td>\n<\/tr>\n<tr class=\"row-62\">\n\t<td class=\"column-1\">COMBUSTIBLES VALLE DE MEXICALI<\/td><td class=\"column-2\">Mexico<\/td><td class=\"column-3\">August 18, 2025<\/td><td class=\"column-4\">In Process<\/td><td class=\"column-5\">Revalidation<\/td>\n<\/tr>\n<tr class=\"row-63\">\n\t<td class=\"column-1\">LAT ONLINE SCHOOL INC.<\/td><td class=\"column-2\">Chile<\/td><td class=\"column-3\">May 27, 2025<\/td><td class=\"column-4\">In Process<\/td><td class=\"column-5\">Revalidation<\/td>\n<\/tr>\n<tr class=\"row-64\">\n\t<td class=\"column-1\">HD LATIONAM\u00c9RICA<\/td><td class=\"column-2\">Mexico<\/td><td class=\"column-3\"><\/td><td class=\"column-4\">In Process<\/td><td class=\"column-5\">Revalidation<\/td>\n<\/tr>\n<tr class=\"row-65\">\n\t<td class=\"column-1\">DEFPCO S DE RL DE CV<\/td><td class=\"column-2\">Mexico<\/td><td class=\"column-3\"><\/td><td class=\"column-4\">In Process<\/td><td class=\"column-5\">Certification<\/td>\n<\/tr>\n<tr class=\"row-66\">\n\t<td class=\"column-1\">BEPERU S A C<\/td><td class=\"column-2\">Peru<\/td><td class=\"column-3\"><\/td><td class=\"column-4\">In Process<\/td><td class=\"column-5\">Certification<\/td>\n<\/tr>\n<tr class=\"row-67\">\n\t<td class=\"column-1\">HEAVY DUTY TRAINING ACADEMY S.A.C.<\/td><td class=\"column-2\">Peru<\/td><td class=\"column-3\"><\/td><td class=\"column-4\">In Process<\/td><td class=\"column-5\">Revalidation<\/td>\n<\/tr>\n<tr class=\"row-68\">\n\t<td class=\"column-1\">DAM DESARROLLO EN AUTOMATIZACI\u00d3N Y MOVIMIENTO<\/td><td class=\"column-2\">Mexico<\/td><td class=\"column-3\"><\/td><td class=\"column-4\">In Process<\/td><td class=\"column-5\">Certification<\/td>\n<\/tr>\n<tr class=\"row-69\">\n\t<td class=\"column-1\">AS SCORPIO LTD.<\/td><td class=\"column-2\">Bulgaria<\/td><td class=\"column-3\"><\/td><td class=\"column-4\">In Process<\/td><td class=\"column-5\">Certification<\/td>\n<\/tr>\n<\/tbody>\n<\/table>\n<!-- #tablepress-2 from cache -->[\/vc_column_text][\/vc_column][\/vc_row][vc_row css_animation=\u00bb\u00bb row_type=\u00bbrow\u00bb use_row_as_full_screen_section=\u00bbno\u00bb type=\u00bbfull_width\u00bb angled_section=\u00bbno\u00bb text_align=\u00bbleft\u00bb background_image_as_pattern=\u00bbwithout_pattern\u00bb][vc_column][vc_empty_space][vc_empty_space][\/vc_column][\/vc_row]<\/p>\n","protected":false},"excerpt":{"rendered":"<p>[vc_row css_animation=\u00bb\u00bb row_type=\u00bbrow\u00bb use_row_as_full_screen_section=\u00bbno\u00bb type=\u00bbfull_width\u00bb angled_section=\u00bbno\u00bb text_align=\u00bbleft\u00bb background_image_as_pattern=\u00bbwithout_pattern\u00bb z_index=\u00bb\u00bb][vc_column css_animation=\u00bbbounceIn\u00bb][vc_empty_space][vc_column_text] Certified Companies [\/vc_column_text][vc_empty_space][\/vc_column][\/vc_row][vc_row css_animation=\u00bb\u00bb row_type=\u00bbrow\u00bb use_row_as_full_screen_section=\u00bbno\u00bb type=\u00bbfull_width\u00bb angled_section=\u00bbno\u00bb text_align=\u00bbleft\u00bb background_image_as_pattern=\u00bbwithout_pattern\u00bb][vc_column][vc_column_text][\/vc_column_text][\/vc_column][\/vc_row][vc_row css_animation=\u00bb\u00bb row_type=\u00bbrow\u00bb use_row_as_full_screen_section=\u00bbno\u00bb type=\u00bbfull_width\u00bb angled_section=\u00bbno\u00bb text_align=\u00bbleft\u00bb background_image_as_pattern=\u00bbwithout_pattern\u00bb][vc_column][vc_empty_space][vc_empty_space][\/vc_column][\/vc_row]<\/p>\n","protected":false},"author":1,"featured_media":0,"parent":0,"menu_order":0,"comment_status":"closed","ping_status":"closed","template":"","meta":{"footnotes":""},"_links":{"self":[{"href":"https:\/\/worldcob-csr.com\/en\/wp-json\/wp\/v2\/pages\/634"}],"collection":[{"href":"https:\/\/worldcob-csr.com\/en\/wp-json\/wp\/v2\/pages"}],"about":[{"href":"https:\/\/worldcob-csr.com\/en\/wp-json\/wp\/v2\/types\/page"}],"author":[{"embeddable":true,"href":"https:\/\/worldcob-csr.com\/en\/wp-json\/wp\/v2\/users\/1"}],"replies":[{"embeddable":true,"href":"https:\/\/worldcob-csr.com\/en\/wp-json\/wp\/v2\/comments?post=634"}],"version-history":[{"count":9,"href":"https:\/\/worldcob-csr.com\/en\/wp-json\/wp\/v2\/pages\/634\/revisions"}],"predecessor-version":[{"id":970,"href":"https:\/\/worldcob-csr.com\/en\/wp-json\/wp\/v2\/pages\/634\/revisions\/970"}],"wp:attachment":[{"href":"https:\/\/worldcob-csr.com\/en\/wp-json\/wp\/v2\/media?parent=634"}],"curies":[{"name":"wp","href":"https:\/\/api.w.org\/{rel}","templated":true}]}}